{"id":14152,"date":"2025-10-24T09:36:28","date_gmt":"2025-10-24T07:36:28","guid":{"rendered":"https:\/\/www.pyliotis.gr\/product\/beat-refin-copy\/"},"modified":"2025-11-05T16:06:34","modified_gmt":"2025-11-05T14:06:34","slug":"beat-refin-copy","status":"publish","type":"product","link":"https:\/\/www.pyliotis.gr\/en\/product\/beat-refin-copy\/","title":{"rendered":"BEAT REFIN"},"content":{"rendered":"<p>Natural traces and graphic signs enrich the background, alternating between light and dark areas, creating a composition that overall displays balance through nuanced chromatic transitions.<br \/>\nWith five colors inspired by nature offering warm and cool tones (white, almond, beige, grey, mud), four sizes ensuring maximum versatility (120\u00d7120, 60\u00d7120, 60\u00d760, 30\u00d760), and two finishes both anti-slip (Matt-Pro, C2 Grip with applied texture) catering to different performance needs, Beat is a comprehensive collection adaptable to various styles and suitable for all types of projects.<\/p>\n","protected":false},"excerpt":{"rendered":"<p>Natural traces and graphic signs enrich the background, alternating between light and dark areas, creating a composition that overall displays balance through nuanced chromatic transitions. With five colors inspired by nature offering warm and cool tones (white, almond, beige, grey, mud), four sizes ensuring maximum versatility (120\u00d7120, 60\u00d7120, 60\u00d760, 30\u00d760), and two finishes both anti-slip [&hellip;]<\/p>\n","protected":false},"featured_media":12417,"template":"","meta":[],"product_cat":[164,153],"product_tag":[],"class_list":["post-14152","product","type-product","status-publish","has-post-thumbnail","hentry","brands-refin","product_cat-tiles","product_cat-tiles-stone","tm-no-options"],"acf":[],"yoast_head":"<!-- This site is optimized with the Yoast SEO plugin v20.8 - https:\/\/yoast.com\/wordpress\/plugins\/seo\/ -->\n<title>BEAT REFIN &bull; Pyliotis<\/title>\n<meta name=\"robots\" content=\"index, follow, max-snippet:-1, max-image-preview:large, max-video-preview:-1\" \/>\n<link rel=\"canonical\" href=\"https:\/\/www.pyliotis.gr\/en\/product\/beat-refin-copy\/\" \/>\n<meta property=\"og:locale\" content=\"en_US\" \/>\n<meta property=\"og:type\" content=\"article\" \/>\n<meta property=\"og:title\" content=\"BEAT REFIN &bull; Pyliotis\" \/>\n<meta property=\"og:description\" content=\"Natural traces and graphic signs enrich the background, alternating between light and dark areas, creating a composition that overall displays balance through nuanced chromatic transitions. With five colors inspired by nature offering warm and cool tones (white, almond, beige, grey, mud), four sizes ensuring maximum versatility (120\u00d7120, 60\u00d7120, 60\u00d760, 30\u00d760), and two finishes both anti-slip [&hellip;]\" \/>\n<meta property=\"og:url\" content=\"https:\/\/www.pyliotis.gr\/en\/product\/beat-refin-copy\/\" \/>\n<meta property=\"og:site_name\" content=\"Pyliotis\" \/>\n<meta property=\"article:modified_time\" content=\"2025-11-05T14:06:34+00:00\" \/>\n<meta property=\"og:image\" content=\"https:\/\/www.pyliotis.gr\/wp-content\/uploads\/2025\/10\/2025-10-24-11_24_33-Beat.pdf-Adobe-Acrobat-Reader-64-bit.png\" \/>\n\t<meta property=\"og:image:width\" content=\"667\" \/>\n\t<meta property=\"og:image:height\" content=\"903\" \/>\n\t<meta property=\"og:image:type\" content=\"image\/png\" \/>\n<meta name=\"twitter:card\" content=\"summary_large_image\" \/>\n<meta name=\"twitter:label1\" content=\"Est. reading time\" \/>\n\t<meta name=\"twitter:data1\" content=\"1 minute\" \/>\n<script type=\"application\/ld+json\" class=\"yoast-schema-graph\">{\"@context\":\"https:\/\/schema.org\",\"@graph\":[{\"@type\":\"WebPage\",\"@id\":\"https:\/\/www.pyliotis.gr\/en\/product\/beat-refin-copy\/\",\"url\":\"https:\/\/www.pyliotis.gr\/en\/product\/beat-refin-copy\/\",\"name\":\"BEAT REFIN &bull; Pyliotis\",\"isPartOf\":{\"@id\":\"https:\/\/www.pyliotis.gr\/#website\"},\"datePublished\":\"2025-10-24T07:36:28+00:00\",\"dateModified\":\"2025-11-05T14:06:34+00:00\",\"breadcrumb\":{\"@id\":\"https:\/\/www.pyliotis.gr\/en\/product\/beat-refin-copy\/#breadcrumb\"},\"inLanguage\":\"en-US\",\"potentialAction\":[{\"@type\":\"ReadAction\",\"target\":[\"https:\/\/www.pyliotis.gr\/en\/product\/beat-refin-copy\/\"]}]},{\"@type\":\"BreadcrumbList\",\"@id\":\"https:\/\/www.pyliotis.gr\/en\/product\/beat-refin-copy\/#breadcrumb\",\"itemListElement\":[{\"@type\":\"ListItem\",\"position\":1,\"name\":\"Home\",\"item\":\"https:\/\/www.pyliotis.gr\/\"},{\"@type\":\"ListItem\",\"position\":2,\"name\":\"Shop\",\"item\":\"https:\/\/www.pyliotis.gr\/en\/shop-2\/\"},{\"@type\":\"ListItem\",\"position\":3,\"name\":\"\u03a0\u039b\u0391\u039a\u0391\u039a\u0399\u0391\",\"item\":\"https:\/\/www.pyliotis.gr\/product-category\/plakakia\/\"},{\"@type\":\"ListItem\",\"position\":4,\"name\":\"BEAT REFIN\"}]},{\"@type\":\"WebSite\",\"@id\":\"https:\/\/www.pyliotis.gr\/#website\",\"url\":\"https:\/\/www.pyliotis.gr\/\",\"name\":\"Pyliotis\",\"description\":\"Design di Casa\",\"publisher\":{\"@id\":\"https:\/\/www.pyliotis.gr\/#organization\"},\"potentialAction\":[{\"@type\":\"SearchAction\",\"target\":{\"@type\":\"EntryPoint\",\"urlTemplate\":\"https:\/\/www.pyliotis.gr\/?s={search_term_string}\"},\"query-input\":\"required name=search_term_string\"}],\"inLanguage\":\"en-US\"},{\"@type\":\"Organization\",\"@id\":\"https:\/\/www.pyliotis.gr\/#organization\",\"name\":\"Pyliotis\",\"url\":\"https:\/\/www.pyliotis.gr\/\",\"logo\":{\"@type\":\"ImageObject\",\"inLanguage\":\"en-US\",\"@id\":\"https:\/\/www.pyliotis.gr\/#\/schema\/logo\/image\/\",\"url\":\"https:\/\/www.pyliotis.gr\/wp-content\/uploads\/2022\/10\/logo-Pyliotis.png\",\"contentUrl\":\"https:\/\/www.pyliotis.gr\/wp-content\/uploads\/2022\/10\/logo-Pyliotis.png\",\"width\":1478,\"height\":529,\"caption\":\"Pyliotis\"},\"image\":{\"@id\":\"https:\/\/www.pyliotis.gr\/#\/schema\/logo\/image\/\"}}]}<\/script>\n<!-- \/ Yoast SEO plugin. -->","yoast_head_json":{"title":"BEAT REFIN &bull; Pyliotis","robots":{"index":"index","follow":"follow","max-snippet":"max-snippet:-1","max-image-preview":"max-image-preview:large","max-video-preview":"max-video-preview:-1"},"canonical":"https:\/\/www.pyliotis.gr\/en\/product\/beat-refin-copy\/","og_locale":"en_US","og_type":"article","og_title":"BEAT REFIN &bull; Pyliotis","og_description":"Natural traces and graphic signs enrich the background, alternating between light and dark areas, creating a composition that overall displays balance through nuanced chromatic transitions. With five colors inspired by nature offering warm and cool tones (white, almond, beige, grey, mud), four sizes ensuring maximum versatility (120\u00d7120, 60\u00d7120, 60\u00d760, 30\u00d760), and two finishes both anti-slip [&hellip;]","og_url":"https:\/\/www.pyliotis.gr\/en\/product\/beat-refin-copy\/","og_site_name":"Pyliotis","article_modified_time":"2025-11-05T14:06:34+00:00","og_image":[{"width":667,"height":903,"url":"https:\/\/www.pyliotis.gr\/wp-content\/uploads\/2025\/10\/2025-10-24-11_24_33-Beat.pdf-Adobe-Acrobat-Reader-64-bit.png","type":"image\/png"}],"twitter_card":"summary_large_image","twitter_misc":{"Est. reading time":"1 minute"},"schema":{"@context":"https:\/\/schema.org","@graph":[{"@type":"WebPage","@id":"https:\/\/www.pyliotis.gr\/en\/product\/beat-refin-copy\/","url":"https:\/\/www.pyliotis.gr\/en\/product\/beat-refin-copy\/","name":"BEAT REFIN &bull; Pyliotis","isPartOf":{"@id":"https:\/\/www.pyliotis.gr\/#website"},"datePublished":"2025-10-24T07:36:28+00:00","dateModified":"2025-11-05T14:06:34+00:00","breadcrumb":{"@id":"https:\/\/www.pyliotis.gr\/en\/product\/beat-refin-copy\/#breadcrumb"},"inLanguage":"en-US","potentialAction":[{"@type":"ReadAction","target":["https:\/\/www.pyliotis.gr\/en\/product\/beat-refin-copy\/"]}]},{"@type":"BreadcrumbList","@id":"https:\/\/www.pyliotis.gr\/en\/product\/beat-refin-copy\/#breadcrumb","itemListElement":[{"@type":"ListItem","position":1,"name":"Home","item":"https:\/\/www.pyliotis.gr\/"},{"@type":"ListItem","position":2,"name":"Shop","item":"https:\/\/www.pyliotis.gr\/en\/shop-2\/"},{"@type":"ListItem","position":3,"name":"\u03a0\u039b\u0391\u039a\u0391\u039a\u0399\u0391","item":"https:\/\/www.pyliotis.gr\/product-category\/plakakia\/"},{"@type":"ListItem","position":4,"name":"BEAT REFIN"}]},{"@type":"WebSite","@id":"https:\/\/www.pyliotis.gr\/#website","url":"https:\/\/www.pyliotis.gr\/","name":"Pyliotis","description":"Design di Casa","publisher":{"@id":"https:\/\/www.pyliotis.gr\/#organization"},"potentialAction":[{"@type":"SearchAction","target":{"@type":"EntryPoint","urlTemplate":"https:\/\/www.pyliotis.gr\/?s={search_term_string}"},"query-input":"required name=search_term_string"}],"inLanguage":"en-US"},{"@type":"Organization","@id":"https:\/\/www.pyliotis.gr\/#organization","name":"Pyliotis","url":"https:\/\/www.pyliotis.gr\/","logo":{"@type":"ImageObject","inLanguage":"en-US","@id":"https:\/\/www.pyliotis.gr\/#\/schema\/logo\/image\/","url":"https:\/\/www.pyliotis.gr\/wp-content\/uploads\/2022\/10\/logo-Pyliotis.png","contentUrl":"https:\/\/www.pyliotis.gr\/wp-content\/uploads\/2022\/10\/logo-Pyliotis.png","width":1478,"height":529,"caption":"Pyliotis"},"image":{"@id":"https:\/\/www.pyliotis.gr\/#\/schema\/logo\/image\/"}}]}},"_links":{"self":[{"href":"https:\/\/www.pyliotis.gr\/en\/wp-json\/wp\/v2\/product\/14152","targetHints":{"allow":["GET"]}}],"collection":[{"href":"https:\/\/www.pyliotis.gr\/en\/wp-json\/wp\/v2\/product"}],"about":[{"href":"https:\/\/www.pyliotis.gr\/en\/wp-json\/wp\/v2\/types\/product"}],"wp:featuredmedia":[{"embeddable":true,"href":"https:\/\/www.pyliotis.gr\/en\/wp-json\/wp\/v2\/media\/12417"}],"wp:attachment":[{"href":"https:\/\/www.pyliotis.gr\/en\/wp-json\/wp\/v2\/media?parent=14152"}],"wp:term":[{"taxonomy":"product_cat","embeddable":true,"href":"https:\/\/www.pyliotis.gr\/en\/wp-json\/wp\/v2\/product_cat?post=14152"},{"taxonomy":"product_tag","embeddable":true,"href":"https:\/\/www.pyliotis.gr\/en\/wp-json\/wp\/v2\/product_tag?post=14152"}],"curies":[{"name":"wp","href":"https:\/\/api.w.org\/{rel}","templated":true}]}}