{"id":14150,"date":"2025-10-24T09:46:36","date_gmt":"2025-10-24T07:46:36","guid":{"rendered":"https:\/\/www.pyliotis.gr\/product\/moon-refin\/"},"modified":"2025-11-05T16:05:03","modified_gmt":"2025-11-05T14:05:03","slug":"moon-refin","status":"publish","type":"product","link":"https:\/\/www.pyliotis.gr\/en\/product\/moon-refin\/","title":{"rendered":"MOON REFIN"},"content":{"rendered":"<p>Gleaming light brings the material to life, and the collection comes alive with thousands of iridescent reflections that capture the gaze.<br \/>\nThe lean, sophisticated graphic design, caught between light and shadow like a lunar landscape, is made even more vibrant by shimmering accents that reverberate, creating captivating atmospheres.<br \/>\nMoon interprets natural stone with extensive inclusions, offering an innovative appearance enhanced by the luster, which reacts to light and makes surfaces shine delicately, making them lively and dynamic.<br \/>\nThe five shades \u2013 light, dark, warm, and cold \u2013 provide a complete palette and are available in formats of 30\u00d760 cm, 60\u00d760 cm, 60\u00d7120 cm, 80\u00d780 cm, and 120\u00d7120 cm, allowing installation on both floors and walls.<\/p>\n<p>&nbsp;<\/p>\n","protected":false},"excerpt":{"rendered":"<p>Gleaming light brings the material to life, and the collection comes alive with thousands of iridescent reflections that capture the gaze. The lean, sophisticated graphic design, caught between light and shadow like a lunar landscape, is made even more vibrant by shimmering accents that reverberate, creating captivating atmospheres. Moon interprets natural stone with extensive inclusions, [&hellip;]<\/p>\n","protected":false},"featured_media":12411,"template":"","meta":[],"product_cat":[164,153],"product_tag":[],"class_list":["post-14150","product","type-product","status-publish","has-post-thumbnail","hentry","brands-refin","product_cat-tiles","product_cat-tiles-stone","tm-no-options"],"acf":[],"yoast_head":"<!-- This site is optimized with the Yoast SEO plugin v20.8 - https:\/\/yoast.com\/wordpress\/plugins\/seo\/ -->\n<title>MOON REFIN &bull; Pyliotis<\/title>\n<meta name=\"robots\" content=\"index, follow, max-snippet:-1, max-image-preview:large, max-video-preview:-1\" \/>\n<link rel=\"canonical\" href=\"https:\/\/www.pyliotis.gr\/en\/product\/moon-refin\/\" \/>\n<meta property=\"og:locale\" content=\"en_US\" \/>\n<meta property=\"og:type\" content=\"article\" \/>\n<meta property=\"og:title\" content=\"MOON REFIN &bull; Pyliotis\" \/>\n<meta property=\"og:description\" content=\"Gleaming light brings the material to life, and the collection comes alive with thousands of iridescent reflections that capture the gaze. The lean, sophisticated graphic design, caught between light and shadow like a lunar landscape, is made even more vibrant by shimmering accents that reverberate, creating captivating atmospheres. Moon interprets natural stone with extensive inclusions, [&hellip;]\" \/>\n<meta property=\"og:url\" content=\"https:\/\/www.pyliotis.gr\/en\/product\/moon-refin\/\" \/>\n<meta property=\"og:site_name\" content=\"Pyliotis\" \/>\n<meta property=\"article:modified_time\" content=\"2025-11-05T14:05:03+00:00\" \/>\n<meta property=\"og:image\" content=\"https:\/\/www.pyliotis.gr\/wp-content\/uploads\/2025\/10\/Gallery__0002_REFIN_Moon_Glow.jpg\" \/>\n\t<meta property=\"og:image:width\" content=\"1000\" \/>\n\t<meta property=\"og:image:height\" content=\"1414\" \/>\n\t<meta property=\"og:image:type\" content=\"image\/jpeg\" \/>\n<meta name=\"twitter:card\" content=\"summary_large_image\" \/>\n<meta name=\"twitter:label1\" content=\"Est. reading time\" \/>\n\t<meta name=\"twitter:data1\" content=\"1 minute\" \/>\n<script type=\"application\/ld+json\" class=\"yoast-schema-graph\">{\"@context\":\"https:\/\/schema.org\",\"@graph\":[{\"@type\":\"WebPage\",\"@id\":\"https:\/\/www.pyliotis.gr\/en\/product\/moon-refin\/\",\"url\":\"https:\/\/www.pyliotis.gr\/en\/product\/moon-refin\/\",\"name\":\"MOON REFIN &bull; Pyliotis\",\"isPartOf\":{\"@id\":\"https:\/\/www.pyliotis.gr\/#website\"},\"datePublished\":\"2025-10-24T07:46:36+00:00\",\"dateModified\":\"2025-11-05T14:05:03+00:00\",\"breadcrumb\":{\"@id\":\"https:\/\/www.pyliotis.gr\/en\/product\/moon-refin\/#breadcrumb\"},\"inLanguage\":\"en-US\",\"potentialAction\":[{\"@type\":\"ReadAction\",\"target\":[\"https:\/\/www.pyliotis.gr\/en\/product\/moon-refin\/\"]}]},{\"@type\":\"BreadcrumbList\",\"@id\":\"https:\/\/www.pyliotis.gr\/en\/product\/moon-refin\/#breadcrumb\",\"itemListElement\":[{\"@type\":\"ListItem\",\"position\":1,\"name\":\"Home\",\"item\":\"https:\/\/www.pyliotis.gr\/\"},{\"@type\":\"ListItem\",\"position\":2,\"name\":\"Shop\",\"item\":\"https:\/\/www.pyliotis.gr\/en\/shop-2\/\"},{\"@type\":\"ListItem\",\"position\":3,\"name\":\"\u03a0\u039b\u0391\u039a\u0391\u039a\u0399\u0391\",\"item\":\"https:\/\/www.pyliotis.gr\/product-category\/plakakia\/\"},{\"@type\":\"ListItem\",\"position\":4,\"name\":\"MOON REFIN\"}]},{\"@type\":\"WebSite\",\"@id\":\"https:\/\/www.pyliotis.gr\/#website\",\"url\":\"https:\/\/www.pyliotis.gr\/\",\"name\":\"Pyliotis\",\"description\":\"Design di Casa\",\"publisher\":{\"@id\":\"https:\/\/www.pyliotis.gr\/#organization\"},\"potentialAction\":[{\"@type\":\"SearchAction\",\"target\":{\"@type\":\"EntryPoint\",\"urlTemplate\":\"https:\/\/www.pyliotis.gr\/?s={search_term_string}\"},\"query-input\":\"required name=search_term_string\"}],\"inLanguage\":\"en-US\"},{\"@type\":\"Organization\",\"@id\":\"https:\/\/www.pyliotis.gr\/#organization\",\"name\":\"Pyliotis\",\"url\":\"https:\/\/www.pyliotis.gr\/\",\"logo\":{\"@type\":\"ImageObject\",\"inLanguage\":\"en-US\",\"@id\":\"https:\/\/www.pyliotis.gr\/#\/schema\/logo\/image\/\",\"url\":\"https:\/\/www.pyliotis.gr\/wp-content\/uploads\/2022\/10\/logo-Pyliotis.png\",\"contentUrl\":\"https:\/\/www.pyliotis.gr\/wp-content\/uploads\/2022\/10\/logo-Pyliotis.png\",\"width\":1478,\"height\":529,\"caption\":\"Pyliotis\"},\"image\":{\"@id\":\"https:\/\/www.pyliotis.gr\/#\/schema\/logo\/image\/\"}}]}<\/script>\n<!-- \/ Yoast SEO plugin. -->","yoast_head_json":{"title":"MOON REFIN &bull; Pyliotis","robots":{"index":"index","follow":"follow","max-snippet":"max-snippet:-1","max-image-preview":"max-image-preview:large","max-video-preview":"max-video-preview:-1"},"canonical":"https:\/\/www.pyliotis.gr\/en\/product\/moon-refin\/","og_locale":"en_US","og_type":"article","og_title":"MOON REFIN &bull; Pyliotis","og_description":"Gleaming light brings the material to life, and the collection comes alive with thousands of iridescent reflections that capture the gaze. The lean, sophisticated graphic design, caught between light and shadow like a lunar landscape, is made even more vibrant by shimmering accents that reverberate, creating captivating atmospheres. Moon interprets natural stone with extensive inclusions, [&hellip;]","og_url":"https:\/\/www.pyliotis.gr\/en\/product\/moon-refin\/","og_site_name":"Pyliotis","article_modified_time":"2025-11-05T14:05:03+00:00","og_image":[{"width":1000,"height":1414,"url":"https:\/\/www.pyliotis.gr\/wp-content\/uploads\/2025\/10\/Gallery__0002_REFIN_Moon_Glow.jpg","type":"image\/jpeg"}],"twitter_card":"summary_large_image","twitter_misc":{"Est. reading time":"1 minute"},"schema":{"@context":"https:\/\/schema.org","@graph":[{"@type":"WebPage","@id":"https:\/\/www.pyliotis.gr\/en\/product\/moon-refin\/","url":"https:\/\/www.pyliotis.gr\/en\/product\/moon-refin\/","name":"MOON REFIN &bull; Pyliotis","isPartOf":{"@id":"https:\/\/www.pyliotis.gr\/#website"},"datePublished":"2025-10-24T07:46:36+00:00","dateModified":"2025-11-05T14:05:03+00:00","breadcrumb":{"@id":"https:\/\/www.pyliotis.gr\/en\/product\/moon-refin\/#breadcrumb"},"inLanguage":"en-US","potentialAction":[{"@type":"ReadAction","target":["https:\/\/www.pyliotis.gr\/en\/product\/moon-refin\/"]}]},{"@type":"BreadcrumbList","@id":"https:\/\/www.pyliotis.gr\/en\/product\/moon-refin\/#breadcrumb","itemListElement":[{"@type":"ListItem","position":1,"name":"Home","item":"https:\/\/www.pyliotis.gr\/"},{"@type":"ListItem","position":2,"name":"Shop","item":"https:\/\/www.pyliotis.gr\/en\/shop-2\/"},{"@type":"ListItem","position":3,"name":"\u03a0\u039b\u0391\u039a\u0391\u039a\u0399\u0391","item":"https:\/\/www.pyliotis.gr\/product-category\/plakakia\/"},{"@type":"ListItem","position":4,"name":"MOON REFIN"}]},{"@type":"WebSite","@id":"https:\/\/www.pyliotis.gr\/#website","url":"https:\/\/www.pyliotis.gr\/","name":"Pyliotis","description":"Design di Casa","publisher":{"@id":"https:\/\/www.pyliotis.gr\/#organization"},"potentialAction":[{"@type":"SearchAction","target":{"@type":"EntryPoint","urlTemplate":"https:\/\/www.pyliotis.gr\/?s={search_term_string}"},"query-input":"required name=search_term_string"}],"inLanguage":"en-US"},{"@type":"Organization","@id":"https:\/\/www.pyliotis.gr\/#organization","name":"Pyliotis","url":"https:\/\/www.pyliotis.gr\/","logo":{"@type":"ImageObject","inLanguage":"en-US","@id":"https:\/\/www.pyliotis.gr\/#\/schema\/logo\/image\/","url":"https:\/\/www.pyliotis.gr\/wp-content\/uploads\/2022\/10\/logo-Pyliotis.png","contentUrl":"https:\/\/www.pyliotis.gr\/wp-content\/uploads\/2022\/10\/logo-Pyliotis.png","width":1478,"height":529,"caption":"Pyliotis"},"image":{"@id":"https:\/\/www.pyliotis.gr\/#\/schema\/logo\/image\/"}}]}},"_links":{"self":[{"href":"https:\/\/www.pyliotis.gr\/en\/wp-json\/wp\/v2\/product\/14150","targetHints":{"allow":["GET"]}}],"collection":[{"href":"https:\/\/www.pyliotis.gr\/en\/wp-json\/wp\/v2\/product"}],"about":[{"href":"https:\/\/www.pyliotis.gr\/en\/wp-json\/wp\/v2\/types\/product"}],"wp:featuredmedia":[{"embeddable":true,"href":"https:\/\/www.pyliotis.gr\/en\/wp-json\/wp\/v2\/media\/12411"}],"wp:attachment":[{"href":"https:\/\/www.pyliotis.gr\/en\/wp-json\/wp\/v2\/media?parent=14150"}],"wp:term":[{"taxonomy":"product_cat","embeddable":true,"href":"https:\/\/www.pyliotis.gr\/en\/wp-json\/wp\/v2\/product_cat?post=14150"},{"taxonomy":"product_tag","embeddable":true,"href":"https:\/\/www.pyliotis.gr\/en\/wp-json\/wp\/v2\/product_tag?post=14150"}],"curies":[{"name":"wp","href":"https:\/\/api.w.org\/{rel}","templated":true}]}}