{"id":11016,"date":"2022-11-11T11:18:36","date_gmt":"2022-11-11T09:18:36","guid":{"rendered":"https:\/\/www.pyliotis.gr\/product\/tune\/"},"modified":"2025-11-06T11:15:57","modified_gmt":"2025-11-06T09:15:57","slug":"tune","status":"publish","type":"product","link":"https:\/\/www.pyliotis.gr\/en\/product\/tune\/","title":{"rendered":"Tune Refin"},"content":{"rendered":"<p>An unprecedented combination of stone materials originating from various areas in Northern Europe, picked and mixed to create original patterns and shades. Delicate vein patterns, small grains and sandy surfaces merge together in the Tune collection, which is available in both large and medium sizes, to enhance the balance of the surfaces and to clad all settings with elegance: 120\u00d7120, 60\u00d7120, 80&#215;80, 40&#215;80, 60\u00d760, 30\u00d760 and the outdoor version, 120&#215;120, 90\u00d790, 60\u00d790 and 60\u00d760 OUT2.0. The natural palette, in Snow, Rock, Lava and Desert colours, is completed by three diferent types of mosaics: Muretto 3D, which stands out for its slanted grooves, Mosaico Linea, which consists of horizontal strips of various heights, and Mosaico, which encapsulates square and rectangular mosaic tiles with irregular dimensions.<\/p>\n","protected":false},"excerpt":{"rendered":"<p>An unprecedented combination of stone materials originating from various areas in Northern Europe, picked and mixed to create original patterns and shades. Delicate vein patterns, small grains and sandy surfaces merge together in the Tune collection, which is available in both large and medium sizes, to enhance the balance of the surfaces and to clad [&hellip;]<\/p>\n","protected":false},"featured_media":11011,"template":"","meta":[],"product_cat":[314,164,153],"product_tag":[],"class_list":["post-11016","product","type-product","status-publish","has-post-thumbnail","hentry","brands-refin","product_cat-tile-20mm","product_cat-tiles","product_cat-tiles-stone","tm-no-options"],"acf":[],"yoast_head":"<!-- This site is optimized with the Yoast SEO plugin v20.8 - https:\/\/yoast.com\/wordpress\/plugins\/seo\/ -->\n<title>Tune Refin &bull; Pyliotis<\/title>\n<meta name=\"robots\" content=\"index, follow, max-snippet:-1, max-image-preview:large, max-video-preview:-1\" \/>\n<link rel=\"canonical\" href=\"https:\/\/www.pyliotis.gr\/en\/product\/tune\/\" \/>\n<meta property=\"og:locale\" content=\"en_US\" \/>\n<meta property=\"og:type\" content=\"article\" \/>\n<meta property=\"og:title\" content=\"Tune Refin &bull; Pyliotis\" \/>\n<meta property=\"og:description\" content=\"An unprecedented combination of stone materials originating from various areas in Northern Europe, picked and mixed to create original patterns and shades. Delicate vein patterns, small grains and sandy surfaces merge together in the Tune collection, which is available in both large and medium sizes, to enhance the balance of the surfaces and to clad [&hellip;]\" \/>\n<meta property=\"og:url\" content=\"https:\/\/www.pyliotis.gr\/en\/product\/tune\/\" \/>\n<meta property=\"og:site_name\" content=\"Pyliotis\" \/>\n<meta property=\"article:modified_time\" content=\"2025-11-06T09:15:57+00:00\" \/>\n<meta property=\"og:image\" content=\"https:\/\/www.pyliotis.gr\/wp-content\/uploads\/2022\/11\/2025-01-08-13_13_20-Still-life_Tune_Desert_120x120.jpg-1000\u00d7750D.jpg\" \/>\n\t<meta property=\"og:image:width\" content=\"825\" \/>\n\t<meta property=\"og:image:height\" content=\"817\" \/>\n\t<meta property=\"og:image:type\" content=\"image\/jpeg\" \/>\n<meta name=\"twitter:card\" content=\"summary_large_image\" \/>\n<meta name=\"twitter:label1\" content=\"Est. reading time\" \/>\n\t<meta name=\"twitter:data1\" content=\"1 minute\" \/>\n<script type=\"application\/ld+json\" class=\"yoast-schema-graph\">{\"@context\":\"https:\/\/schema.org\",\"@graph\":[{\"@type\":\"WebPage\",\"@id\":\"https:\/\/www.pyliotis.gr\/en\/product\/tune\/\",\"url\":\"https:\/\/www.pyliotis.gr\/en\/product\/tune\/\",\"name\":\"Tune Refin &bull; Pyliotis\",\"isPartOf\":{\"@id\":\"https:\/\/www.pyliotis.gr\/#website\"},\"datePublished\":\"2022-11-11T09:18:36+00:00\",\"dateModified\":\"2025-11-06T09:15:57+00:00\",\"breadcrumb\":{\"@id\":\"https:\/\/www.pyliotis.gr\/en\/product\/tune\/#breadcrumb\"},\"inLanguage\":\"en-US\",\"potentialAction\":[{\"@type\":\"ReadAction\",\"target\":[\"https:\/\/www.pyliotis.gr\/en\/product\/tune\/\"]}]},{\"@type\":\"BreadcrumbList\",\"@id\":\"https:\/\/www.pyliotis.gr\/en\/product\/tune\/#breadcrumb\",\"itemListElement\":[{\"@type\":\"ListItem\",\"position\":1,\"name\":\"Home\",\"item\":\"https:\/\/www.pyliotis.gr\/\"},{\"@type\":\"ListItem\",\"position\":2,\"name\":\"Shop\",\"item\":\"https:\/\/www.pyliotis.gr\/en\/shop-2\/\"},{\"@type\":\"ListItem\",\"position\":3,\"name\":\"\u03a0\u039b\u0391\u039a\u0391\u039a\u0399\u0391\",\"item\":\"https:\/\/www.pyliotis.gr\/product-category\/plakakia\/\"},{\"@type\":\"ListItem\",\"position\":4,\"name\":\"\u03a0\u039b\u0391\u039a\u0391\u039a\u0399\u0391 (\u03a4\u03a5\u03a0\u039f\u03a5 \u03a0\u0395\u03a4\u03a1\u0391\u03a3)\",\"item\":\"https:\/\/www.pyliotis.gr\/product-category\/plakakia\/plakakia-typou-petras\/\"},{\"@type\":\"ListItem\",\"position\":5,\"name\":\"Tune Refin\"}]},{\"@type\":\"WebSite\",\"@id\":\"https:\/\/www.pyliotis.gr\/#website\",\"url\":\"https:\/\/www.pyliotis.gr\/\",\"name\":\"Pyliotis\",\"description\":\"Design di Casa\",\"publisher\":{\"@id\":\"https:\/\/www.pyliotis.gr\/#organization\"},\"potentialAction\":[{\"@type\":\"SearchAction\",\"target\":{\"@type\":\"EntryPoint\",\"urlTemplate\":\"https:\/\/www.pyliotis.gr\/?s={search_term_string}\"},\"query-input\":\"required name=search_term_string\"}],\"inLanguage\":\"en-US\"},{\"@type\":\"Organization\",\"@id\":\"https:\/\/www.pyliotis.gr\/#organization\",\"name\":\"Pyliotis\",\"url\":\"https:\/\/www.pyliotis.gr\/\",\"logo\":{\"@type\":\"ImageObject\",\"inLanguage\":\"en-US\",\"@id\":\"https:\/\/www.pyliotis.gr\/#\/schema\/logo\/image\/\",\"url\":\"https:\/\/www.pyliotis.gr\/wp-content\/uploads\/2022\/10\/logo-Pyliotis.png\",\"contentUrl\":\"https:\/\/www.pyliotis.gr\/wp-content\/uploads\/2022\/10\/logo-Pyliotis.png\",\"width\":1478,\"height\":529,\"caption\":\"Pyliotis\"},\"image\":{\"@id\":\"https:\/\/www.pyliotis.gr\/#\/schema\/logo\/image\/\"}}]}<\/script>\n<!-- \/ Yoast SEO plugin. -->","yoast_head_json":{"title":"Tune Refin &bull; Pyliotis","robots":{"index":"index","follow":"follow","max-snippet":"max-snippet:-1","max-image-preview":"max-image-preview:large","max-video-preview":"max-video-preview:-1"},"canonical":"https:\/\/www.pyliotis.gr\/en\/product\/tune\/","og_locale":"en_US","og_type":"article","og_title":"Tune Refin &bull; Pyliotis","og_description":"An unprecedented combination of stone materials originating from various areas in Northern Europe, picked and mixed to create original patterns and shades. Delicate vein patterns, small grains and sandy surfaces merge together in the Tune collection, which is available in both large and medium sizes, to enhance the balance of the surfaces and to clad [&hellip;]","og_url":"https:\/\/www.pyliotis.gr\/en\/product\/tune\/","og_site_name":"Pyliotis","article_modified_time":"2025-11-06T09:15:57+00:00","og_image":[{"width":825,"height":817,"url":"https:\/\/www.pyliotis.gr\/wp-content\/uploads\/2022\/11\/2025-01-08-13_13_20-Still-life_Tune_Desert_120x120.jpg-1000\u00d7750D.jpg","type":"image\/jpeg"}],"twitter_card":"summary_large_image","twitter_misc":{"Est. reading time":"1 minute"},"schema":{"@context":"https:\/\/schema.org","@graph":[{"@type":"WebPage","@id":"https:\/\/www.pyliotis.gr\/en\/product\/tune\/","url":"https:\/\/www.pyliotis.gr\/en\/product\/tune\/","name":"Tune Refin &bull; Pyliotis","isPartOf":{"@id":"https:\/\/www.pyliotis.gr\/#website"},"datePublished":"2022-11-11T09:18:36+00:00","dateModified":"2025-11-06T09:15:57+00:00","breadcrumb":{"@id":"https:\/\/www.pyliotis.gr\/en\/product\/tune\/#breadcrumb"},"inLanguage":"en-US","potentialAction":[{"@type":"ReadAction","target":["https:\/\/www.pyliotis.gr\/en\/product\/tune\/"]}]},{"@type":"BreadcrumbList","@id":"https:\/\/www.pyliotis.gr\/en\/product\/tune\/#breadcrumb","itemListElement":[{"@type":"ListItem","position":1,"name":"Home","item":"https:\/\/www.pyliotis.gr\/"},{"@type":"ListItem","position":2,"name":"Shop","item":"https:\/\/www.pyliotis.gr\/en\/shop-2\/"},{"@type":"ListItem","position":3,"name":"\u03a0\u039b\u0391\u039a\u0391\u039a\u0399\u0391","item":"https:\/\/www.pyliotis.gr\/product-category\/plakakia\/"},{"@type":"ListItem","position":4,"name":"\u03a0\u039b\u0391\u039a\u0391\u039a\u0399\u0391 (\u03a4\u03a5\u03a0\u039f\u03a5 \u03a0\u0395\u03a4\u03a1\u0391\u03a3)","item":"https:\/\/www.pyliotis.gr\/product-category\/plakakia\/plakakia-typou-petras\/"},{"@type":"ListItem","position":5,"name":"Tune Refin"}]},{"@type":"WebSite","@id":"https:\/\/www.pyliotis.gr\/#website","url":"https:\/\/www.pyliotis.gr\/","name":"Pyliotis","description":"Design di Casa","publisher":{"@id":"https:\/\/www.pyliotis.gr\/#organization"},"potentialAction":[{"@type":"SearchAction","target":{"@type":"EntryPoint","urlTemplate":"https:\/\/www.pyliotis.gr\/?s={search_term_string}"},"query-input":"required name=search_term_string"}],"inLanguage":"en-US"},{"@type":"Organization","@id":"https:\/\/www.pyliotis.gr\/#organization","name":"Pyliotis","url":"https:\/\/www.pyliotis.gr\/","logo":{"@type":"ImageObject","inLanguage":"en-US","@id":"https:\/\/www.pyliotis.gr\/#\/schema\/logo\/image\/","url":"https:\/\/www.pyliotis.gr\/wp-content\/uploads\/2022\/10\/logo-Pyliotis.png","contentUrl":"https:\/\/www.pyliotis.gr\/wp-content\/uploads\/2022\/10\/logo-Pyliotis.png","width":1478,"height":529,"caption":"Pyliotis"},"image":{"@id":"https:\/\/www.pyliotis.gr\/#\/schema\/logo\/image\/"}}]}},"_links":{"self":[{"href":"https:\/\/www.pyliotis.gr\/en\/wp-json\/wp\/v2\/product\/11016","targetHints":{"allow":["GET"]}}],"collection":[{"href":"https:\/\/www.pyliotis.gr\/en\/wp-json\/wp\/v2\/product"}],"about":[{"href":"https:\/\/www.pyliotis.gr\/en\/wp-json\/wp\/v2\/types\/product"}],"wp:featuredmedia":[{"embeddable":true,"href":"https:\/\/www.pyliotis.gr\/en\/wp-json\/wp\/v2\/media\/11011"}],"wp:attachment":[{"href":"https:\/\/www.pyliotis.gr\/en\/wp-json\/wp\/v2\/media?parent=11016"}],"wp:term":[{"taxonomy":"product_cat","embeddable":true,"href":"https:\/\/www.pyliotis.gr\/en\/wp-json\/wp\/v2\/product_cat?post=11016"},{"taxonomy":"product_tag","embeddable":true,"href":"https:\/\/www.pyliotis.gr\/en\/wp-json\/wp\/v2\/product_tag?post=11016"}],"curies":[{"name":"wp","href":"https:\/\/api.w.org\/{rel}","templated":true}]}}